{"id":91,"date":"2019-02-23T13:58:14","date_gmt":"2019-02-23T13:58:14","guid":{"rendered":"http:\/\/seguridadprivadaabas.com\/?page_id=91"},"modified":"2022-08-07T20:57:21","modified_gmt":"2022-08-07T20:57:21","slug":"empresa-de-seguridad-privada","status":"publish","type":"page","link":"https:\/\/seguridadprivadaabas.com\/old-seguridad\/empresa-de-seguridad-privada\/","title":{"rendered":"Empresa de Seguridad Privada"},"content":{"rendered":"\n<div class=\"wp-block-image\"><figure class=\"aligncenter\"><a href=\"#call\"><img fetchpriority=\"high\" decoding=\"async\" width=\"1024\" height=\"533\" src=\"http:\/\/seguridadprivadaabas.com\/wp-content\/uploads\/2019\/03\/IMAGENES-SERVICIOS-1-1024x533.jpg\" alt=\"Imagenes de servicios\" class=\"wp-image-393\" srcset=\"https:\/\/seguridadprivadaabas.com\/old-seguridad\/wp-content\/uploads\/2019\/03\/IMAGENES-SERVICIOS-1-1024x533.jpg 1024w, https:\/\/seguridadprivadaabas.com\/old-seguridad\/wp-content\/uploads\/2019\/03\/IMAGENES-SERVICIOS-1-300x156.jpg 300w, https:\/\/seguridadprivadaabas.com\/old-seguridad\/wp-content\/uploads\/2019\/03\/IMAGENES-SERVICIOS-1-768x400.jpg 768w, https:\/\/seguridadprivadaabas.com\/old-seguridad\/wp-content\/uploads\/2019\/03\/IMAGENES-SERVICIOS-1.jpg 1920w\" sizes=\"(max-width: 1024px) 100vw, 1024px\" \/><\/a><\/figure><\/div>\n\n\n\n<div class=\"wp-block-image\"><figure class=\"aligncenter\"><a href=\"#call\"><img decoding=\"async\" width=\"1024\" height=\"533\" src=\"http:\/\/seguridadprivadaabas.com\/wp-content\/uploads\/2019\/03\/IMAGENES-SERVICIOS-4-1024x533.jpg\" alt=\"\" class=\"wp-image-418\" srcset=\"https:\/\/seguridadprivadaabas.com\/old-seguridad\/wp-content\/uploads\/2019\/03\/IMAGENES-SERVICIOS-4-1024x533.jpg 1024w, https:\/\/seguridadprivadaabas.com\/old-seguridad\/wp-content\/uploads\/2019\/03\/IMAGENES-SERVICIOS-4-300x156.jpg 300w, https:\/\/seguridadprivadaabas.com\/old-seguridad\/wp-content\/uploads\/2019\/03\/IMAGENES-SERVICIOS-4-768x400.jpg 768w, https:\/\/seguridadprivadaabas.com\/old-seguridad\/wp-content\/uploads\/2019\/03\/IMAGENES-SERVICIOS-4.jpg 2048w\" sizes=\"(max-width: 1024px) 100vw, 1024px\" \/><\/a><\/figure><\/div>\n\n\n\n<div class=\"wp-block-image\"><figure class=\"aligncenter\"><a href=\"#call\"><img decoding=\"async\" width=\"1024\" height=\"533\" src=\"http:\/\/seguridadprivadaabas.com\/wp-content\/uploads\/2019\/03\/IMAGENES-SERVICIOS-3-1024x533.jpg\" alt=\"\" class=\"wp-image-410\" srcset=\"https:\/\/seguridadprivadaabas.com\/old-seguridad\/wp-content\/uploads\/2019\/03\/IMAGENES-SERVICIOS-3-1024x533.jpg 1024w, https:\/\/seguridadprivadaabas.com\/old-seguridad\/wp-content\/uploads\/2019\/03\/IMAGENES-SERVICIOS-3-300x156.jpg 300w, https:\/\/seguridadprivadaabas.com\/old-seguridad\/wp-content\/uploads\/2019\/03\/IMAGENES-SERVICIOS-3-768x400.jpg 768w, https:\/\/seguridadprivadaabas.com\/old-seguridad\/wp-content\/uploads\/2019\/03\/IMAGENES-SERVICIOS-3.jpg 1920w\" sizes=\"(max-width: 1024px) 100vw, 1024px\" \/><\/a><\/figure><\/div>\n\n\n\n<div class=\"wp-block-image\"><figure class=\"aligncenter\"><a href=\"#call\"><img loading=\"lazy\" decoding=\"async\" width=\"1024\" height=\"533\" src=\"http:\/\/seguridadprivadaabas.com\/wp-content\/uploads\/2019\/03\/IMAGENES-SERVICIOS-2-1024x533.jpg\" alt=\"\" class=\"wp-image-407\" srcset=\"https:\/\/seguridadprivadaabas.com\/old-seguridad\/wp-content\/uploads\/2019\/03\/IMAGENES-SERVICIOS-2-1024x533.jpg 1024w, https:\/\/seguridadprivadaabas.com\/old-seguridad\/wp-content\/uploads\/2019\/03\/IMAGENES-SERVICIOS-2-300x156.jpg 300w, https:\/\/seguridadprivadaabas.com\/old-seguridad\/wp-content\/uploads\/2019\/03\/IMAGENES-SERVICIOS-2-768x400.jpg 768w, https:\/\/seguridadprivadaabas.com\/old-seguridad\/wp-content\/uploads\/2019\/03\/IMAGENES-SERVICIOS-2.jpg 2048w\" sizes=\"(max-width: 1024px) 100vw, 1024px\" \/><\/a><\/figure><\/div>\n\n\n\n<div class=\"wp-block-image\"><figure class=\"aligncenter\"><a href=\"#call\"><img loading=\"lazy\" decoding=\"async\" width=\"1024\" height=\"533\" src=\"http:\/\/seguridadprivadaabas.com\/wp-content\/uploads\/2019\/03\/IMAGENES-SERVICIOS-5-1024x533.jpg\" alt=\"\" class=\"wp-image-423\" srcset=\"https:\/\/seguridadprivadaabas.com\/old-seguridad\/wp-content\/uploads\/2019\/03\/IMAGENES-SERVICIOS-5-1024x533.jpg 1024w, https:\/\/seguridadprivadaabas.com\/old-seguridad\/wp-content\/uploads\/2019\/03\/IMAGENES-SERVICIOS-5-300x156.jpg 300w, https:\/\/seguridadprivadaabas.com\/old-seguridad\/wp-content\/uploads\/2019\/03\/IMAGENES-SERVICIOS-5-768x400.jpg 768w, https:\/\/seguridadprivadaabas.com\/old-seguridad\/wp-content\/uploads\/2019\/03\/IMAGENES-SERVICIOS-5.jpg 2048w\" sizes=\"(max-width: 1024px) 100vw, 1024px\" \/><\/a><\/figure><\/div>\n\n\n\n<div class=\"wp-block-image\"><figure class=\"aligncenter\"><a href=\"#call\"><img loading=\"lazy\" decoding=\"async\" width=\"1024\" height=\"533\" src=\"http:\/\/seguridadprivadaabas.com\/wp-content\/uploads\/2019\/03\/IMAGENES-SERVICIOS-7-1024x533.jpg\" alt=\"\" class=\"wp-image-424\" srcset=\"https:\/\/seguridadprivadaabas.com\/old-seguridad\/wp-content\/uploads\/2019\/03\/IMAGENES-SERVICIOS-7-1024x533.jpg 1024w, https:\/\/seguridadprivadaabas.com\/old-seguridad\/wp-content\/uploads\/2019\/03\/IMAGENES-SERVICIOS-7-300x156.jpg 300w, https:\/\/seguridadprivadaabas.com\/old-seguridad\/wp-content\/uploads\/2019\/03\/IMAGENES-SERVICIOS-7-768x400.jpg 768w, https:\/\/seguridadprivadaabas.com\/old-seguridad\/wp-content\/uploads\/2019\/03\/IMAGENES-SERVICIOS-7.jpg 1920w\" sizes=\"(max-width: 1024px) 100vw, 1024px\" \/><\/a><\/figure><\/div>\n\n\n\n<p>La inseguridad en todo el mundo va en incremento y las deficiencias en materia de seguridad, han promovido la aparici\u00f3n de las <strong>empresas de seguridad privada<\/strong>. <\/p>\n\n\n\n<p>Ante la necesidad de protecci\u00f3n de muchas industrias y edificaciones que no son controladas por polic\u00edas surgen estas organizaciones \u00f3 <strong>compa\u00f1ias de seguridad privada<\/strong> que ofrecen seguridad y protecci\u00f3n.<\/p>\n\n\n\n<p>Las empresas de seguridad privada son populares a nivel mundial, en su mayor\u00eda est\u00e1n integradas por un personal especializado en la materia. <\/p>\n\n\n\n<p>Al mismo tiempo se encuentran apoyadas por los avances de la tecnolog\u00eda, que han permitido la invenci\u00f3n de sistemas de seguridad automatizados.<\/p>\n\n\n\n<p>De igual manera no dejan de mencionarse a los vigilantes y escoltas que son seres humanos, que se encargan de brindar seguridad a sitios en espec\u00edfico. <\/p>\n\n\n\n<p>Lo cierto es que ante algunas situaciones estas compa\u00f1ias deben entregar a los delincuentes a las autoridades estatales pertinentes.<\/p>\n\n\n\n<p>Son reducidos los derechos que tienen los integrantes de estas organizaciones, de manejar la justicia por sus propias manos. <\/p>\n\n\n\n<p>Pues solo en situaciones extremas o en defensa propia es que pueden ejecutar acciones radicales que acaben con la vida de un delincuente en acci\u00f3n.<\/p>\n\n\n\n<h2 class=\"wp-block-heading\"><strong><span style=\"color:#bc0000\" class=\"tadv-color\">\u00bfQu\u00e9 es una empresa de seguridad privada?<\/span><\/strong><\/h2>\n\n\n\n<p>Una empresa de seguridad privada es una organizaci\u00f3n que brinda diversos servicios destinados a la protecci\u00f3n de bienes, espacios abiertos y edificaciones. <\/p>\n\n\n\n<p>Existen muchas empresas de este tipo distribuidas por el mundo, pero pocas garantizan la verdadera seguridad de las \u00e1reas encargadas.<\/p>\n\n\n\n<p>Estas organizaciones pagas requieren de un personal apto, para la ejecuci\u00f3n de las misiones destinadas y tambi\u00e9n de equipos tecnol\u00f3gicos vanguardistas. <\/p>\n\n\n\n<p>Al mismo tiempo se encuentran incluidas en el mundo de los negocios para captar a los clientes y llegar a diversas contrataciones. <\/p>\n\n\n\n<ul class=\"wp-block-list\"><li><strong>Organizaci\u00f3n remunerada<\/strong><\/li><\/ul>\n\n\n\n<p>Se dice que una empresa de seguridad privada es una organizaci\u00f3n remunerada porque requiere de un pago para la ejecuci\u00f3n de sus servicios. <\/p>\n\n\n\n<p>Al mismo tiempo es independiente de las fuerzas estatales, porque custodia lugares de naturaleza privada donde la polic\u00eda no tiene ning\u00fan control.<\/p>\n\n\n\n<p>Es una organizaci\u00f3n porque existe una secuencia en cuanto a los profesionales de la seguridad, los rangos que tienen y las \u00e1reas en las que se especializan. <\/p>\n\n\n\n<p>Tambi\u00e9n est\u00e1n los jefes que dirigen a todo el personal. La sincronizaci\u00f3n de las actividades es crucial en estas empresas de seguridad privada.<\/p>\n\n\n\n<ul class=\"wp-block-list\"><li><strong>Garantiza el cuidado de lugares de naturaleza privada<\/strong><\/li><\/ul>\n\n\n\n<p>El objetivo de todas las empresas de seguridad privada a nivel mundial es proteger bienes, derechos, muebles o inmuebles pero todos de naturaleza privada. <\/p>\n\n\n\n<p>Por su parte el personal de seguridad se encarga de revisar a las personas y autom\u00f3viles que ingresen al \u00e1rea en custodio.<\/p>\n\n\n\n<p>Al mismo tiempo, se encuentran en la obligaci\u00f3n de atacar a los delincuentes en situaciones extremas o entregarlos a la polic\u00eda. <\/p>\n\n\n\n<p>Cabe destacar que estas empresas deben brindar un servicio excelente en cuanto a la seguridad, por lo tanto deben tomar todas las medidas necesarias para defender el lugar en custodio y evitar la ejecuci\u00f3n de actos delictivos. <\/p>\n\n\n\n<ul class=\"wp-block-list\"><li><strong>Requiere de contrataciones y un personal apto<\/strong><\/li><\/ul>\n\n\n\n<p>Las empresas de seguridad privada siguen ciertos reglamentos para poder prestar sus servicios. <\/p>\n\n\n\n<p>Para iniciar es necesario destacar que las contrataciones con necesarias, esto se refiere a que el cliente interesado llega a un acuerdo con la empresa que es validado por medio de un contrato.<\/p>\n\n\n\n<p>Otro aspecto importante tiene que ver con el personal que mantienen estas empresas. <\/p>\n\n\n\n<p>Por lo general existen ciertas exigencias que est\u00e1n relacionadas con conocimientos sobre seguridad y un buen estado f\u00edsico. <\/p>\n\n\n\n<p>Estas caracter\u00edsticas son las que garantizan el \u00e9xito de dichas empresas.<\/p>\n\n\n\n<div class=\"text-center\">\n<a href=\"#call\" class=\"btn-security\" role=\"button\" id=\"modal_calltoaction\" rel=\"noopener noreferrer\">\n<span class=\"elementor-button-content-wrapper\"><span class=\"elementor-button-text\">\nQuiero estar protegido ahora\n<\/span>\n<\/span>\n<\/a>\n<\/div>\n\n\n\n<h2 class=\"wp-block-heading\"><strong><span style=\"color:#bc0000\" class=\"tadv-color\">Tipos de empresas a nivel mundial de seguridad privada<\/span><\/strong><\/h2>\n\n\n\n<p>Existen millones de empresas de seguridad privada a nivel mundial, pero a pesar de esto pueden clasificarse por medio de las pol\u00edticas que manejan o el \u00e1rea en la que se especializan. <\/p>\n\n\n\n<p>La variedad de las mismas solo permite que cada cliente pueda irse por la opci\u00f3n a la que se ajusta mejor.<\/p>\n\n\n\n<p>La seguridad no siempre est\u00e1 garantizada por el porte armas, pues tambi\u00e9n est\u00e1n las empresas de seguridad sin armas o las de solo vigilantes. <\/p>\n\n\n\n<p>Lo cierto es que cada una resulta prudente para un nivel de delincuencia en espec\u00edfico. Todas garantizan el cuidado de las propiedades encargadas.<\/p>\n\n\n\n<h3 class=\"wp-block-heading\"><strong><span style=\"color:#bc0000\" class=\"tadv-color\">Empresas de seguridad privada con armas<\/span><\/strong><span style=\"color:#bc0000\" class=\"tadv-color\"><\/span><\/h3>\n\n\n\n<p>Las empresas de seguridad privada con armas, son catalogadas como organizaciones completas que garantizan la seguridad sin importar los altos niveles de delincuencia del \u00e1rea. <\/p>\n\n\n\n<p>Lo que realmente afianza ese hecho, es el porte de armas que por supuesto se encuentra autorizado.<\/p>\n\n\n\n<p>Las armas son portadas por profesionales en seguridad para evitar irregularidades. <\/p>\n\n\n\n<p>Al mismo tiempo estas sirven para enfrentar a los delincuentes. Por lo general estas empresas se encargan del transporte de valores, la protecci\u00f3n de instituciones valiosas y personas reconocidas.<\/p>\n\n\n\n<ul class=\"wp-block-list\"><li><strong>Empresas de seguridad privada sin armas<\/strong><\/li><\/ul>\n\n\n\n<p>Las empresas de seguridad privada sin armas representan a una minor\u00eda, pero de igual manera ejercen actividades importantes para evitar actos delictivos. <\/p>\n\n\n\n<p>Se catalogan como organizaciones altamente desarrolladas, en cuanto a la tecnolog\u00eda por los m\u00e9todos que usan para dar seguridad.<\/p>\n\n\n\n<p>Estas usan animales entrenados, cercos el\u00e9ctricos, alarmas, circuitos cerrados, c\u00e1maras de vigilancia, controles de acceso y dem\u00e1s. <\/p>\n\n\n\n<p>Todos estos instrumentos ejercen un aviso ante cualquier anomal\u00eda, para alejar a los delincuentes o hacer llegar a la polic\u00eda y fuerzas especiales del estado. <\/p>\n\n\n<h3><strong><span style=\"color:#bc0000\" class=\"tadv-color\">Empresas de seguridad privada de vigilantes<\/span><\/strong><\/h3>\n\n\n<p>Este tipo de empresas de <a href=\"http:\/\/seguridadprivadaabas.com\/\">seguridad privada<\/a> se especializan \u00fanicamente en vigilantes. <\/p>\n\n\n\n<p>Los cuales vienen siendo hombres en su mayor\u00eda y se encuentran especializados para ejecutar acciones contra delincuentes y dem\u00e1s. <\/p>\n\n\n\n<p>Por lo general se llevan en sitios con bajos niveles de inseguridad.<\/p>\n\n\n\n<p>Dicho personal suele trabajar tanto de d\u00eda como de noche, garantizando la protecci\u00f3n en todo momento. <\/p>\n\n\n\n<p>Los escoltas tambi\u00e9n forman parte de estas empresas y se encarga de proteger la vida de personas, que corren riesgos ante la fama, la pol\u00edtica que manejan o el dinero que poseen.<\/p>\n\n\n\n<p>Las empresas de seguridad privada se encuentran representadas por organizaciones, que captan un personal apto y poseen equipos adecuados para brindar la protecci\u00f3n de un lugar de naturaleza privada. <\/p>\n\n\n\n<p>Existen muchas de \u00e9stas a nivel mundial y se han vuelto comunes ante faltas de la polic\u00eda.<br><\/p>\n\n\n\n<div class=\"text-center\">\n<a href=\"#call\" class=\"btn-security\" role=\"button\" id=\"modal_calltoaction\" rel=\"noopener noreferrer\">\n<span class=\"elementor-button-content-wrapper\"><span class=\"elementor-button-text\">\nQuiero estar protegido ahora\n<\/span>\n<\/span>\n<\/a>\n<\/div>\n","protected":false},"excerpt":{"rendered":"<p>La inseguridad en todo el mundo va en incremento y las deficiencias en materia de seguridad, han promovido la aparici\u00f3n de las empresas de seguridad privada. Ante la necesidad de protecci\u00f3n de muchas industrias y edificaciones que no son controladas por polic\u00edas surgen estas organizaciones \u00f3 compa\u00f1ias de seguridad privada que ofrecen seguridad y protecci\u00f3n.&hellip;<\/p>\n","protected":false},"author":1,"featured_media":311,"parent":0,"menu_order":0,"comment_status":"closed","ping_status":"closed","template":"empresas_privada.php","meta":{"footnotes":""},"class_list":["post-91","page","type-page","status-publish","has-post-thumbnail","hentry"],"yoast_head":"<!-- This site is optimized with the Yoast SEO plugin v25.5 - https:\/\/yoast.com\/wordpress\/plugins\/seo\/ -->\n<title>Empresa de Seguridad Privada | Empresa Especializada en Seguridad Privada en Honduras<\/title>\n<meta name=\"description\" content=\"\u00a1Felicidades! la b\u00fasqueda termino, ha llegado a este sitio buscando una empresa de seguridad privada que tenga un sistema eficaz para proteger su patrimonio\" \/>\n<meta name=\"robots\" content=\"index, follow, max-snippet:-1, max-image-preview:large, max-video-preview:-1\" \/>\n<link rel=\"canonical\" href=\"https:\/\/seguridadprivadaabas.com\/old-seguridad\/empresa-de-seguridad-privada\/\" \/>\n<meta property=\"og:locale\" content=\"es_ES\" \/>\n<meta property=\"og:type\" content=\"article\" \/>\n<meta property=\"og:title\" content=\"Empresa de Seguridad Privada\" \/>\n<meta property=\"og:description\" content=\"\u00a1Felicidades! la b\u00fasqueda termino, ha llegado a este sitio buscando una empresa de seguridad privada que tenga un sistema eficaz para proteger su patrimonio\" \/>\n<meta property=\"og:url\" content=\"https:\/\/seguridadprivadaabas.com\/old-seguridad\/empresa-de-seguridad-privada\/\" \/>\n<meta property=\"og:site_name\" content=\"Empresa Especializada en Seguridad Privada en Honduras\" \/>\n<meta property=\"article:modified_time\" content=\"2022-08-07T20:57:21+00:00\" \/>\n<meta property=\"og:image\" content=\"https:\/\/seguridadprivadaabas.com\/old-seguridad\/wp-content\/uploads\/2019\/03\/empresa-de-seguridad-privada.jpg\" \/>\n\t<meta property=\"og:image:width\" content=\"960\" \/>\n\t<meta property=\"og:image:height\" content=\"592\" \/>\n\t<meta property=\"og:image:type\" content=\"image\/jpeg\" \/>\n<meta name=\"twitter:card\" content=\"summary_large_image\" \/>\n<meta name=\"twitter:title\" content=\"Empresa de Seguridad Privada\" \/>\n<meta name=\"twitter:description\" content=\"\u00a1Felicidades! la b\u00fasqueda termino, ha llegado a este sitio buscando una empresa de seguridad privada que tenga un sistema eficaz para proteger su patrimonio\" \/>\n<meta name=\"twitter:label1\" content=\"Tiempo de lectura\" \/>\n\t<meta name=\"twitter:data1\" content=\"5 minutos\" \/>\n<script type=\"application\/ld+json\" class=\"yoast-schema-graph\">{\"@context\":\"https:\/\/schema.org\",\"@graph\":[{\"@type\":\"WebPage\",\"@id\":\"https:\/\/seguridadprivadaabas.com\/old-seguridad\/empresa-de-seguridad-privada\/\",\"url\":\"https:\/\/seguridadprivadaabas.com\/old-seguridad\/empresa-de-seguridad-privada\/\",\"name\":\"Empresa de Seguridad Privada | Empresa Especializada en Seguridad Privada en Honduras\",\"isPartOf\":{\"@id\":\"https:\/\/seguridadprivadaabas.com\/old-seguridad\/#website\"},\"primaryImageOfPage\":{\"@id\":\"https:\/\/seguridadprivadaabas.com\/old-seguridad\/empresa-de-seguridad-privada\/#primaryimage\"},\"image\":{\"@id\":\"https:\/\/seguridadprivadaabas.com\/old-seguridad\/empresa-de-seguridad-privada\/#primaryimage\"},\"thumbnailUrl\":\"https:\/\/seguridadprivadaabas.com\/old-seguridad\/wp-content\/uploads\/2019\/03\/empresa-de-seguridad-privada.jpg\",\"datePublished\":\"2019-02-23T13:58:14+00:00\",\"dateModified\":\"2022-08-07T20:57:21+00:00\",\"description\":\"\u00a1Felicidades! la b\u00fasqueda termino, ha llegado a este sitio buscando una empresa de seguridad privada que tenga un sistema eficaz para proteger su patrimonio\",\"breadcrumb\":{\"@id\":\"https:\/\/seguridadprivadaabas.com\/old-seguridad\/empresa-de-seguridad-privada\/#breadcrumb\"},\"inLanguage\":\"es\",\"potentialAction\":[{\"@type\":\"ReadAction\",\"target\":[\"https:\/\/seguridadprivadaabas.com\/old-seguridad\/empresa-de-seguridad-privada\/\"]}]},{\"@type\":\"ImageObject\",\"inLanguage\":\"es\",\"@id\":\"https:\/\/seguridadprivadaabas.com\/old-seguridad\/empresa-de-seguridad-privada\/#primaryimage\",\"url\":\"https:\/\/seguridadprivadaabas.com\/old-seguridad\/wp-content\/uploads\/2019\/03\/empresa-de-seguridad-privada.jpg\",\"contentUrl\":\"https:\/\/seguridadprivadaabas.com\/old-seguridad\/wp-content\/uploads\/2019\/03\/empresa-de-seguridad-privada.jpg\",\"width\":960,\"height\":592},{\"@type\":\"BreadcrumbList\",\"@id\":\"https:\/\/seguridadprivadaabas.com\/old-seguridad\/empresa-de-seguridad-privada\/#breadcrumb\",\"itemListElement\":[{\"@type\":\"ListItem\",\"position\":1,\"name\":\"Portada\",\"item\":\"https:\/\/seguridadprivadaabas.com\/old-seguridad\/\"},{\"@type\":\"ListItem\",\"position\":2,\"name\":\"Empresa de Seguridad Privada\"}]},{\"@type\":\"WebSite\",\"@id\":\"https:\/\/seguridadprivadaabas.com\/old-seguridad\/#website\",\"url\":\"https:\/\/seguridadprivadaabas.com\/old-seguridad\/\",\"name\":\"Empresa Especializada en Seguridad Privada en Honduras\",\"description\":\"Si&eacute;ntete seguro y protegido al contratar sus servicios de seguridad privada en Honduras\",\"publisher\":{\"@id\":\"https:\/\/seguridadprivadaabas.com\/old-seguridad\/#organization\"},\"potentialAction\":[{\"@type\":\"SearchAction\",\"target\":{\"@type\":\"EntryPoint\",\"urlTemplate\":\"https:\/\/seguridadprivadaabas.com\/old-seguridad\/?s={search_term_string}\"},\"query-input\":{\"@type\":\"PropertyValueSpecification\",\"valueRequired\":true,\"valueName\":\"search_term_string\"}}],\"inLanguage\":\"es\"},{\"@type\":\"Organization\",\"@id\":\"https:\/\/seguridadprivadaabas.com\/old-seguridad\/#organization\",\"name\":\"Seguridad Privada Abas\",\"url\":\"https:\/\/seguridadprivadaabas.com\/old-seguridad\/\",\"logo\":{\"@type\":\"ImageObject\",\"inLanguage\":\"es\",\"@id\":\"https:\/\/seguridadprivadaabas.com\/old-seguridad\/#\/schema\/logo\/image\/\",\"url\":\"https:\/\/seguridadprivadaabas.com\/old-seguridad\/wp-content\/uploads\/2019\/03\/cropped-logo_abas.jpg\",\"contentUrl\":\"https:\/\/seguridadprivadaabas.com\/old-seguridad\/wp-content\/uploads\/2019\/03\/cropped-logo_abas.jpg\",\"width\":960,\"height\":879,\"caption\":\"Seguridad Privada Abas\"},\"image\":{\"@id\":\"https:\/\/seguridadprivadaabas.com\/old-seguridad\/#\/schema\/logo\/image\/\"}}]}<\/script>\n<!-- \/ Yoast SEO plugin. -->","yoast_head_json":{"title":"Empresa de Seguridad Privada | Empresa Especializada en Seguridad Privada en Honduras","description":"\u00a1Felicidades! la b\u00fasqueda termino, ha llegado a este sitio buscando una empresa de seguridad privada que tenga un sistema eficaz para proteger su patrimonio","robots":{"index":"index","follow":"follow","max-snippet":"max-snippet:-1","max-image-preview":"max-image-preview:large","max-video-preview":"max-video-preview:-1"},"canonical":"https:\/\/seguridadprivadaabas.com\/old-seguridad\/empresa-de-seguridad-privada\/","og_locale":"es_ES","og_type":"article","og_title":"Empresa de Seguridad Privada","og_description":"\u00a1Felicidades! la b\u00fasqueda termino, ha llegado a este sitio buscando una empresa de seguridad privada que tenga un sistema eficaz para proteger su patrimonio","og_url":"https:\/\/seguridadprivadaabas.com\/old-seguridad\/empresa-de-seguridad-privada\/","og_site_name":"Empresa Especializada en Seguridad Privada en Honduras","article_modified_time":"2022-08-07T20:57:21+00:00","og_image":[{"width":960,"height":592,"url":"https:\/\/seguridadprivadaabas.com\/old-seguridad\/wp-content\/uploads\/2019\/03\/empresa-de-seguridad-privada.jpg","type":"image\/jpeg"}],"twitter_card":"summary_large_image","twitter_title":"Empresa de Seguridad Privada","twitter_description":"\u00a1Felicidades! la b\u00fasqueda termino, ha llegado a este sitio buscando una empresa de seguridad privada que tenga un sistema eficaz para proteger su patrimonio","twitter_misc":{"Tiempo de lectura":"5 minutos"},"schema":{"@context":"https:\/\/schema.org","@graph":[{"@type":"WebPage","@id":"https:\/\/seguridadprivadaabas.com\/old-seguridad\/empresa-de-seguridad-privada\/","url":"https:\/\/seguridadprivadaabas.com\/old-seguridad\/empresa-de-seguridad-privada\/","name":"Empresa de Seguridad Privada | Empresa Especializada en Seguridad Privada en Honduras","isPartOf":{"@id":"https:\/\/seguridadprivadaabas.com\/old-seguridad\/#website"},"primaryImageOfPage":{"@id":"https:\/\/seguridadprivadaabas.com\/old-seguridad\/empresa-de-seguridad-privada\/#primaryimage"},"image":{"@id":"https:\/\/seguridadprivadaabas.com\/old-seguridad\/empresa-de-seguridad-privada\/#primaryimage"},"thumbnailUrl":"https:\/\/seguridadprivadaabas.com\/old-seguridad\/wp-content\/uploads\/2019\/03\/empresa-de-seguridad-privada.jpg","datePublished":"2019-02-23T13:58:14+00:00","dateModified":"2022-08-07T20:57:21+00:00","description":"\u00a1Felicidades! la b\u00fasqueda termino, ha llegado a este sitio buscando una empresa de seguridad privada que tenga un sistema eficaz para proteger su patrimonio","breadcrumb":{"@id":"https:\/\/seguridadprivadaabas.com\/old-seguridad\/empresa-de-seguridad-privada\/#breadcrumb"},"inLanguage":"es","potentialAction":[{"@type":"ReadAction","target":["https:\/\/seguridadprivadaabas.com\/old-seguridad\/empresa-de-seguridad-privada\/"]}]},{"@type":"ImageObject","inLanguage":"es","@id":"https:\/\/seguridadprivadaabas.com\/old-seguridad\/empresa-de-seguridad-privada\/#primaryimage","url":"https:\/\/seguridadprivadaabas.com\/old-seguridad\/wp-content\/uploads\/2019\/03\/empresa-de-seguridad-privada.jpg","contentUrl":"https:\/\/seguridadprivadaabas.com\/old-seguridad\/wp-content\/uploads\/2019\/03\/empresa-de-seguridad-privada.jpg","width":960,"height":592},{"@type":"BreadcrumbList","@id":"https:\/\/seguridadprivadaabas.com\/old-seguridad\/empresa-de-seguridad-privada\/#breadcrumb","itemListElement":[{"@type":"ListItem","position":1,"name":"Portada","item":"https:\/\/seguridadprivadaabas.com\/old-seguridad\/"},{"@type":"ListItem","position":2,"name":"Empresa de Seguridad Privada"}]},{"@type":"WebSite","@id":"https:\/\/seguridadprivadaabas.com\/old-seguridad\/#website","url":"https:\/\/seguridadprivadaabas.com\/old-seguridad\/","name":"Empresa Especializada en Seguridad Privada en Honduras","description":"Si&eacute;ntete seguro y protegido al contratar sus servicios de seguridad privada en Honduras","publisher":{"@id":"https:\/\/seguridadprivadaabas.com\/old-seguridad\/#organization"},"potentialAction":[{"@type":"SearchAction","target":{"@type":"EntryPoint","urlTemplate":"https:\/\/seguridadprivadaabas.com\/old-seguridad\/?s={search_term_string}"},"query-input":{"@type":"PropertyValueSpecification","valueRequired":true,"valueName":"search_term_string"}}],"inLanguage":"es"},{"@type":"Organization","@id":"https:\/\/seguridadprivadaabas.com\/old-seguridad\/#organization","name":"Seguridad Privada Abas","url":"https:\/\/seguridadprivadaabas.com\/old-seguridad\/","logo":{"@type":"ImageObject","inLanguage":"es","@id":"https:\/\/seguridadprivadaabas.com\/old-seguridad\/#\/schema\/logo\/image\/","url":"https:\/\/seguridadprivadaabas.com\/old-seguridad\/wp-content\/uploads\/2019\/03\/cropped-logo_abas.jpg","contentUrl":"https:\/\/seguridadprivadaabas.com\/old-seguridad\/wp-content\/uploads\/2019\/03\/cropped-logo_abas.jpg","width":960,"height":879,"caption":"Seguridad Privada Abas"},"image":{"@id":"https:\/\/seguridadprivadaabas.com\/old-seguridad\/#\/schema\/logo\/image\/"}}]}},"_links":{"self":[{"href":"https:\/\/seguridadprivadaabas.com\/old-seguridad\/wp-json\/wp\/v2\/pages\/91","targetHints":{"allow":["GET"]}}],"collection":[{"href":"https:\/\/seguridadprivadaabas.com\/old-seguridad\/wp-json\/wp\/v2\/pages"}],"about":[{"href":"https:\/\/seguridadprivadaabas.com\/old-seguridad\/wp-json\/wp\/v2\/types\/page"}],"author":[{"embeddable":true,"href":"https:\/\/seguridadprivadaabas.com\/old-seguridad\/wp-json\/wp\/v2\/users\/1"}],"replies":[{"embeddable":true,"href":"https:\/\/seguridadprivadaabas.com\/old-seguridad\/wp-json\/wp\/v2\/comments?post=91"}],"version-history":[{"count":18,"href":"https:\/\/seguridadprivadaabas.com\/old-seguridad\/wp-json\/wp\/v2\/pages\/91\/revisions"}],"predecessor-version":[{"id":763,"href":"https:\/\/seguridadprivadaabas.com\/old-seguridad\/wp-json\/wp\/v2\/pages\/91\/revisions\/763"}],"wp:featuredmedia":[{"embeddable":true,"href":"https:\/\/seguridadprivadaabas.com\/old-seguridad\/wp-json\/wp\/v2\/media\/311"}],"wp:attachment":[{"href":"https:\/\/seguridadprivadaabas.com\/old-seguridad\/wp-json\/wp\/v2\/media?parent=91"}],"curies":[{"name":"wp","href":"https:\/\/api.w.org\/{rel}","templated":true}]}}